{"id":2,"date":"2011-06-10T14:33:15","date_gmt":"2011-06-10T14:33:15","guid":{"rendered":"http:\/\/www.actionware.net\/?page_id=2"},"modified":"2021-07-25T18:32:19","modified_gmt":"2021-07-25T18:32:19","slug":"sample-page","status":"publish","type":"page","link":"http:\/\/www.actionware.net\/?page_id=2","title":{"rendered":"A propos"},"content":{"rendered":"<p><a href=\"http:\/\/www.actionware.net\/wp-content\/uploads\/2011\/06\/daft_punk.jpg\"><img loading=\"lazy\" decoding=\"async\" class=\"alignnone size-medium wp-image-165\" title=\"daft_punk\" src=\"http:\/\/www.actionware.net\/wp-content\/uploads\/2011\/06\/daft_punk-268x300.jpg\" alt=\"DA\" width=\"268\" height=\"300\" srcset=\"http:\/\/www.actionware.net\/wp-content\/uploads\/2011\/06\/daft_punk-268x300.jpg 268w, http:\/\/www.actionware.net\/wp-content\/uploads\/2011\/06\/daft_punk.jpg 304w\" sizes=\"auto, (max-width: 268px) 100vw, 268px\" \/><\/a><\/p>\n<p>contact : <a href=\"contact@actionware.net\">contact@actionware.net<\/a><\/p>\n<p>remarque : je parles plus de 5 langues comme l&#8217;anglais, le fran\u00e7ais (fran\u00e7ais), fran\u00e7ais (DOM-TOM), le fran\u00e7ais (belge), le fran\u00e7ais (cannadien) et le fran\u00e7ais (suisse) mais vous ne me verrez jamais discut\u00e9 avec mes pseudos en anglais sur le net\u00a0 ^^<\/p>\n","protected":false},"excerpt":{"rendered":"<p>contact : contact@actionware.net remarque : je parles plus de 5 langues comme l&#8217;anglais, le fran\u00e7ais (fran\u00e7ais), fran\u00e7ais (DOM-TOM), le fran\u00e7ais (belge), le fran\u00e7ais (cannadien) et le fran\u00e7ais (suisse) mais vous ne me verrez jamais discut\u00e9 avec mes pseudos en anglais &hellip; <a href=\"http:\/\/www.actionware.net\/?page_id=2\">Continue reading <span class=\"meta-nav\">&rarr;<\/span><\/a><\/p>\n","protected":false},"author":1,"featured_media":0,"parent":0,"menu_order":5,"comment_status":"closed","ping_status":"closed","template":"","meta":{"footnotes":""},"class_list":["post-2","page","type-page","status-publish","hentry"],"_links":{"self":[{"href":"http:\/\/www.actionware.net\/index.php?rest_route=\/wp\/v2\/pages\/2","targetHints":{"allow":["GET"]}}],"collection":[{"href":"http:\/\/www.actionware.net\/index.php?rest_route=\/wp\/v2\/pages"}],"about":[{"href":"http:\/\/www.actionware.net\/index.php?rest_route=\/wp\/v2\/types\/page"}],"author":[{"embeddable":true,"href":"http:\/\/www.actionware.net\/index.php?rest_route=\/wp\/v2\/users\/1"}],"replies":[{"embeddable":true,"href":"http:\/\/www.actionware.net\/index.php?rest_route=%2Fwp%2Fv2%2Fcomments&post=2"}],"version-history":[{"count":20,"href":"http:\/\/www.actionware.net\/index.php?rest_route=\/wp\/v2\/pages\/2\/revisions"}],"predecessor-version":[{"id":249,"href":"http:\/\/www.actionware.net\/index.php?rest_route=\/wp\/v2\/pages\/2\/revisions\/249"}],"wp:attachment":[{"href":"http:\/\/www.actionware.net\/index.php?rest_route=%2Fwp%2Fv2%2Fmedia&parent=2"}],"curies":[{"name":"wp","href":"https:\/\/api.w.org\/{rel}","templated":true}]}}